{"id":360,"date":"2020-03-13T12:29:02","date_gmt":"2020-03-13T17:29:02","guid":{"rendered":"https:\/\/old.oma.com.co\/?page_id=360"},"modified":"2022-06-02T12:14:04","modified_gmt":"2022-06-02T17:14:04","slug":"productos","status":"publish","type":"page","link":"https:\/\/old.oma.com.co\/?page_id=360","title":{"rendered":"Productos"},"content":{"rendered":"<p>[vc_row row_height_percent=\u00bb0&#8243; back_color=\u00bbcolor-lxmt\u00bb overlay_alpha=\u00bb50&#8243; gutter_size=\u00bb3&#8243; column_width_percent=\u00bb100&#8243; shift_y=\u00bb0&#8243; z_index=\u00bb0&#8243;][vc_column column_width_percent=\u00bb100&#8243; gutter_size=\u00bb3&#8243; back_color=\u00bbcolor-xsdn\u00bb overlay_alpha=\u00bb50&#8243; shift_x=\u00bb0&#8243; shift_y=\u00bb0&#8243; shift_y_down=\u00bb0&#8243; z_index=\u00bb0&#8243; medium_width=\u00bb0&#8243; mobile_width=\u00bb0&#8243; radius=\u00bbsm\u00bb shadow=\u00bbxs\u00bb width=\u00bb1\/1&#8243;][vc_custom_heading text_color=\u00bbcolor-381325&#8243; text_weight=\u00bb700&#8243;]Acuerdos de Oro[\/vc_custom_heading][vc_row_inner][vc_column_inner width=\u00bb1\/2&#8243;][vc_single_image media=\u00bb5770&#8243; media_width_percent=\u00bb100&#8243;][\/vc_column_inner][vc_column_inner width=\u00bb1\/2&#8243;][vc_column_text]Acuerdos de oro es la receta para la construcci\u00f3n de relaciones.<br \/>\nNuestro an\u00e1lisis est\u00e1 dise\u00f1ado para facilitar una mejor comprensi\u00f3n del estilo de cada uno, ayudando a construir una relaci\u00f3n basada en la comprensi\u00f3n mutua.<\/p>\n<p>Conoce m\u00e1s del proceso <a href=\"https:\/\/old.oma.com.co\/wp-content\/uploads\/2020\/09\/Receta-2.pdf\" target=\"_blank\" rel=\"noopener noreferrer\">aqu\u00ed<\/a>[\/vc_column_text][vc_custom_heading heading_semantic=\u00bbh3&#8243; text_size=\u00bbh3&#8243; text_weight=\u00bb700&#8243;]$1.190.000[\/vc_custom_heading][vc_button button_color=\u00bbcolor-159807&#8243; border_width=\u00bb0&#8243; link=\u00bburl:%3Fadd-to-cart%3D5775||target:%20_blank|\u00bb]COMPRAR[\/vc_button][\/vc_column_inner][\/vc_row_inner][\/vc_column][\/vc_row][vc_row row_height_percent=\u00bb0&#8243; back_color=\u00bbcolor-lxmt\u00bb overlay_alpha=\u00bb50&#8243; gutter_size=\u00bb3&#8243; column_width_percent=\u00bb100&#8243; shift_y=\u00bb0&#8243; z_index=\u00bb0&#8243;][vc_column column_width_percent=\u00bb100&#8243; gutter_size=\u00bb3&#8243; back_color=\u00bbcolor-xsdn\u00bb overlay_alpha=\u00bb50&#8243; shift_x=\u00bb0&#8243; shift_y=\u00bb0&#8243; shift_y_down=\u00bb0&#8243; z_index=\u00bb0&#8243; medium_width=\u00bb0&#8243; mobile_width=\u00bb0&#8243; radius=\u00bbsm\u00bb shadow=\u00bbxs\u00bb width=\u00bb1\/1&#8243;][vc_custom_heading text_color=\u00bbcolor-381325&#8243; text_weight=\u00bb700&#8243;]Planeador By Oma[\/vc_custom_heading][vc_row_inner][vc_column_inner width=\u00bb1\/2&#8243;][vc_single_image media=\u00bb363&#8243; media_width_percent=\u00bb100&#8243;][\/vc_column_inner][vc_column_inner width=\u00bb1\/2&#8243;][vc_column_text]Cumplir una meta requiere reflexionar y definir lo que realmente deseas, trazar un plan y tomar acciones conscientes.<\/p>\n<p>El Planeador By OMA es la mejor herramienta para dise\u00f1ar tu a\u00f1o de TRANSFORMACI\u00d3N.<\/p>\n<p>El Planeador By OMA no es una agenda m\u00e1s, es tu herramienta de transformaci\u00f3n para el liderazgo en la era digital, mes a mes encontrar\u00e1s ejercicios que potenciar\u00e1n tu gesti\u00f3n y en esta etapa de transformaci\u00f3n, te har\u00e1n evaluar el manejo de tus recursos, hacer seguimiento a la transformaci\u00f3n de h\u00e1bitos y mejorar tu productividad para convertirte en un l\u00edder de transformaci\u00f3n digital.[\/vc_column_text][vc_custom_heading heading_semantic=\u00bbh3&#8243; text_size=\u00bbh3&#8243; text_weight=\u00bb700&#8243; uncode_shortcode_id=\u00bb152402&#8243;]$55.000[\/vc_custom_heading][vc_button button_color=\u00bbcolor-159807&#8243; border_width=\u00bb0&#8243; link=\u00bburl:%3Fadd-to-cart%3D5294||target:%20_blank|\u00bb el_id=\u00bbbutton-comprar\u00bb]COMPRAR[\/vc_button][\/vc_column_inner][\/vc_row_inner][\/vc_column][\/vc_row][vc_row row_height_percent=\u00bb0&#8243; back_color=\u00bbcolor-lxmt\u00bb overlay_alpha=\u00bb50&#8243; gutter_size=\u00bb3&#8243; column_width_percent=\u00bb100&#8243; shift_y=\u00bb0&#8243; z_index=\u00bb0&#8243;][vc_column column_width_percent=\u00bb100&#8243; gutter_size=\u00bb3&#8243; back_color=\u00bbcolor-xsdn\u00bb overlay_alpha=\u00bb50&#8243; shift_x=\u00bb0&#8243; shift_y=\u00bb0&#8243; shift_y_down=\u00bb0&#8243; z_index=\u00bb0&#8243; medium_width=\u00bb0&#8243; mobile_width=\u00bb0&#8243; radius=\u00bbsm\u00bb shadow=\u00bbxs\u00bb width=\u00bb1\/1&#8243;][vc_custom_heading text_color=\u00bbcolor-381325&#8243; text_weight=\u00bb700&#8243;]Cartas de conversaci\u00f3n para el desarrollo[\/vc_custom_heading][vc_row_inner][vc_column_inner width=\u00bb1\/2&#8243;][vc_single_image media=\u00bb5148&#8243; media_width_percent=\u00bb100&#8243;][\/vc_column_inner][vc_column_inner width=\u00bb1\/2&#8243;][vc_column_text]Son la herramienta id\u00f3nea que permite tener a la mano las claves para el manejo de conversaciones, especialmente aquella que son complejas.[\/vc_column_text][vc_custom_heading heading_semantic=\u00bbh3&#8243; text_size=\u00bbh3&#8243; text_weight=\u00bb700&#8243; uncode_shortcode_id=\u00bb237210&#8243;]$58.000[\/vc_custom_heading][vc_button button_color=\u00bbcolor-159807&#8243; border_width=\u00bb0&#8243; link=\u00bburl:%3Fadd-to-cart%3D5295||target:%20_blank|\u00bb]COMPRAR[\/vc_button][\/vc_column_inner][\/vc_row_inner][\/vc_column][\/vc_row]<\/p>\n","protected":false},"excerpt":{"rendered":"<p>[vc_row row_height_percent=\u00bb0&#8243; back_color=\u00bbcolor-lxmt\u00bb overlay_alpha=\u00bb50&#8243; gutter_size=\u00bb3&#8243; column_width_percent=\u00bb100&#8243; shift_y=\u00bb0&#8243; z_index=\u00bb0&#8243;][vc_column column_width_percent=\u00bb100&#8243; gutter_size=\u00bb3&#8243; back_color=\u00bbcolor-xsdn\u00bb overlay_alpha=\u00bb50&#8243; shift_x=\u00bb0&#8243; shift_y=\u00bb0&#8243; shift_y_down=\u00bb0&#8243; z_index=\u00bb0&#8243; medium_width=\u00bb0&#8243; mobile_width=\u00bb0&#8243; radius=\u00bbsm\u00bb shadow=\u00bbxs\u00bb [&hellip;]<\/p>\n","protected":false},"author":3,"featured_media":0,"parent":0,"menu_order":0,"comment_status":"closed","ping_status":"closed","template":"","meta":{"footnotes":""},"class_list":["post-360","page","type-page","status-publish","hentry"],"_links":{"self":[{"href":"https:\/\/old.oma.com.co\/index.php?rest_route=\/wp\/v2\/pages\/360","targetHints":{"allow":["GET"]}}],"collection":[{"href":"https:\/\/old.oma.com.co\/index.php?rest_route=\/wp\/v2\/pages"}],"about":[{"href":"https:\/\/old.oma.com.co\/index.php?rest_route=\/wp\/v2\/types\/page"}],"author":[{"embeddable":true,"href":"https:\/\/old.oma.com.co\/index.php?rest_route=\/wp\/v2\/users\/3"}],"replies":[{"embeddable":true,"href":"https:\/\/old.oma.com.co\/index.php?rest_route=%2Fwp%2Fv2%2Fcomments&post=360"}],"version-history":[{"count":0,"href":"https:\/\/old.oma.com.co\/index.php?rest_route=\/wp\/v2\/pages\/360\/revisions"}],"wp:attachment":[{"href":"https:\/\/old.oma.com.co\/index.php?rest_route=%2Fwp%2Fv2%2Fmedia&parent=360"}],"curies":[{"name":"wp","href":"https:\/\/api.w.org\/{rel}","templated":true}]}}