{"id":184,"date":"2020-03-11T07:22:28","date_gmt":"2020-03-11T12:22:28","guid":{"rendered":"https:\/\/old.oma.com.co\/?page_id=184"},"modified":"2022-06-28T12:59:43","modified_gmt":"2022-06-28T17:59:43","slug":"oma-proceso-de-desarrollo","status":"publish","type":"page","link":"https:\/\/old.oma.com.co\/?page_id=184","title":{"rendered":"OMA"},"content":{"rendered":"<p>[vc_row row_height_percent=\u00bb100&#8243; back_color=\u00bbcolor-895428&#8243; back_image=\u00bb189&#8243; back_repeat=\u00bbno-repeat\u00bb back_attachment=\u00bbscroll\u00bb back_position=\u00bbcenter center\u00bb parallax=\u00bbyes\u00bb kburns=\u00bbzoom\u00bb overlay_alpha=\u00bb50&#8243; gutter_size=\u00bb3&#8243; column_width_percent=\u00bb100&#8243; shift_y=\u00bb0&#8243; z_index=\u00bb0&#8243; uncode_shortcode_id=\u00bb893297&#8243; back_color_type=\u00bbuncode-palette\u00bb][vc_column column_width_percent=\u00bb100&#8243; position_vertical=\u00bbmiddle\u00bb align_horizontal=\u00bbalign_center\u00bb gutter_size=\u00bb3&#8243; style=\u00bbdark\u00bb overlay_alpha=\u00bb50&#8243; shift_x=\u00bb0&#8243; shift_y=\u00bb0&#8243; shift_y_down=\u00bb0&#8243; z_index=\u00bb0&#8243; medium_width=\u00bb0&#8243; mobile_width=\u00bb0&#8243; width=\u00bb1\/1&#8243;][vc_custom_heading text_font=\u00bbfont-555555&#8243; text_weight=\u00bb700&#8243;]A trav\u00e9s de nuestro prop\u00f3sito hemos logrado:[\/vc_custom_heading][vc_row_inner limit_content=\u00bb\u00bb][vc_column_inner column_width_percent=\u00bb100&#8243; align_horizontal=\u00bbalign_center\u00bb gutter_size=\u00bb3&#8243; style=\u00bbdark\u00bb overlay_alpha=\u00bb50&#8243; shift_x=\u00bb0&#8243; shift_y=\u00bb0&#8243; shift_y_down=\u00bb0&#8243; z_index=\u00bb0&#8243; medium_width=\u00bb0&#8243; mobile_width=\u00bb0&#8243; width=\u00bb1\/3&#8243;][uncode_counter value=\u00bb13&#8243; prefix=\u00bb+\u00bb counter_color=\u00bbcolor-xsdn\u00bb font=\u00bbfont-555555&#8243; weight=\u00bb700&#8243; text=\u00bba\u00f1os de experiencia\u00bb css_animation=\u00bbbottom-t-top\u00bb uncode_shortcode_id=\u00bb192134&#8243; counter_color_type=\u00bbuncode-palette\u00bb][\/vc_column_inner][vc_column_inner column_width_percent=\u00bb100&#8243; align_horizontal=\u00bbalign_center\u00bb gutter_size=\u00bb3&#8243; style=\u00bbdark\u00bb overlay_alpha=\u00bb50&#8243; shift_x=\u00bb0&#8243; shift_y=\u00bb0&#8243; shift_y_down=\u00bb0&#8243; z_index=\u00bb0&#8243; medium_width=\u00bb0&#8243; mobile_width=\u00bb0&#8243; width=\u00bb1\/3&#8243;][uncode_counter value=\u00bb80&#8243; prefix=\u00bb+\u00bb counter_color=\u00bbcolor-xsdn\u00bb font=\u00bbfont-555555&#8243; weight=\u00bb700&#8243; text=\u00bbempresas impactadas en 5 pa\u00edses\u00bb css_animation=\u00bbbottom-t-top\u00bb uncode_shortcode_id=\u00bb127458&#8243; counter_color_type=\u00bbuncode-palette\u00bb][\/vc_column_inner][vc_column_inner column_width_percent=\u00bb100&#8243; align_horizontal=\u00bbalign_center\u00bb gutter_size=\u00bb3&#8243; style=\u00bbdark\u00bb overlay_alpha=\u00bb50&#8243; shift_x=\u00bb0&#8243; shift_y=\u00bb0&#8243; shift_y_down=\u00bb0&#8243; z_index=\u00bb0&#8243; medium_width=\u00bb0&#8243; mobile_width=\u00bb0&#8243; width=\u00bb1\/3&#8243;][uncode_counter value=\u00bb1300&#8243; counter_color=\u00bbcolor-xsdn\u00bb font=\u00bbfont-555555&#8243; weight=\u00bb700&#8243; text=\u00bbl\u00edderes certificados como coach empresariales\u00bb css_animation=\u00bbbottom-t-top\u00bb uncode_shortcode_id=\u00bb559180&#8243; counter_color_type=\u00bbuncode-palette\u00bb][\/vc_column_inner][\/vc_row_inner][vc_row_inner limit_content=\u00bb\u00bb][vc_column_inner column_width_percent=\u00bb100&#8243; align_horizontal=\u00bbalign_center\u00bb gutter_size=\u00bb3&#8243; style=\u00bbdark\u00bb overlay_alpha=\u00bb50&#8243; shift_x=\u00bb0&#8243; shift_y=\u00bb0&#8243; shift_y_down=\u00bb0&#8243; z_index=\u00bb0&#8243; medium_width=\u00bb0&#8243; mobile_width=\u00bb0&#8243; width=\u00bb1\/3&#8243;][uncode_counter value=\u00bb16&#8243; counter_color=\u00bbcolor-xsdn\u00bb font=\u00bbfont-555555&#8243; size=\u00bbh2&#8243; weight=\u00bb700&#8243; text=\u00bba\u00f1os de docencia universitaria\u00bb css_animation=\u00bbbottom-t-top\u00bb uncode_shortcode_id=\u00bb154160&#8243; counter_color_type=\u00bbuncode-palette\u00bb][\/vc_column_inner][vc_column_inner column_width_percent=\u00bb100&#8243; align_horizontal=\u00bbalign_center\u00bb gutter_size=\u00bb3&#8243; style=\u00bbdark\u00bb overlay_alpha=\u00bb50&#8243; shift_x=\u00bb0&#8243; shift_y=\u00bb0&#8243; shift_y_down=\u00bb0&#8243; z_index=\u00bb0&#8243; medium_width=\u00bb0&#8243; mobile_width=\u00bb0&#8243; width=\u00bb1\/3&#8243;][uncode_counter value=\u00bb13&#8243; prefix=\u00bb+\u00bb counter_color=\u00bbcolor-xsdn\u00bb font=\u00bbfont-555555&#8243; size=\u00bbh2&#8243; weight=\u00bb700&#8243; text=\u00bba\u00f1os como asesora de tesis de investigaci\u00f3n y pr\u00e1cticas psicol\u00f3gicas\u00bb css_animation=\u00bbbottom-t-top\u00bb uncode_shortcode_id=\u00bb105443&#8243; counter_color_type=\u00bbuncode-palette\u00bb][\/vc_column_inner][vc_column_inner column_width_percent=\u00bb100&#8243; align_horizontal=\u00bbalign_center\u00bb gutter_size=\u00bb3&#8243; style=\u00bbdark\u00bb overlay_alpha=\u00bb50&#8243; shift_x=\u00bb0&#8243; shift_y=\u00bb0&#8243; shift_y_down=\u00bb0&#8243; z_index=\u00bb0&#8243; medium_width=\u00bb0&#8243; mobile_width=\u00bb0&#8243; width=\u00bb1\/3&#8243;][uncode_counter value=\u00bb60&#8243; counter_color=\u00bbcolor-xsdn\u00bb font=\u00bbfont-555555&#8243; size=\u00bbh2&#8243; weight=\u00bb700&#8243; text=\u00bbequipos de alta gerencia acompa\u00f1ando su desarrollo\u00bb css_animation=\u00bbbottom-t-top\u00bb uncode_shortcode_id=\u00bb144357&#8243; counter_color_type=\u00bbuncode-palette\u00bb][\/vc_column_inner][\/vc_row_inner][\/vc_column][\/vc_row][vc_row unlock_row_content=\u00bbyes\u00bb row_height_percent=\u00bb100&#8243; overlay_color=\u00bbcolor-103179&#8243; overlay_alpha=\u00bb25&#8243; gutter_size=\u00bb3&#8243; column_width_percent=\u00bb100&#8243; shift_y=\u00bb0&#8243; z_index=\u00bb0&#8243;][vc_column column_width_percent=\u00bb90&#8243; position_vertical=\u00bbbottom\u00bb align_horizontal=\u00bbalign_center\u00bb gutter_size=\u00bb3&#8243; overlay_alpha=\u00bb50&#8243; shift_x=\u00bb0&#8243; shift_y=\u00bb0&#8243; shift_y_down=\u00bb0&#8243; z_index=\u00bb0&#8243; medium_width=\u00bb0&#8243; mobile_width=\u00bb0&#8243; width=\u00bb1\/1&#8243;][vc_row_inner limit_content=\u00bb\u00bb][vc_column_inner column_width_percent=\u00bb100&#8243; position_vertical=\u00bbmiddle\u00bb align_horizontal=\u00bbalign_center\u00bb gutter_size=\u00bb3&#8243; overlay_alpha=\u00bb50&#8243; shift_x=\u00bb0&#8243; shift_y=\u00bb0&#8243; shift_y_down=\u00bb0&#8243; z_index=\u00bb0&#8243; medium_width=\u00bb0&#8243; mobile_width=\u00bb0&#8243; width=\u00bb1\/1&#8243;][vc_custom_heading text_color=\u00bbcolor-381325&#8243; text_size=\u00bbh1&#8243; text_weight=\u00bb300&#8243;]<strong>Nuestro<\/strong> proceso[\/vc_custom_heading][vc_custom_heading text_color=\u00bbcolor-wvjs\u00bb text_size=\u00bbh3&#8243; text_weight=\u00bb100&#8243;]En\u00a0<strong>Open Mind Advisor<\/strong> dise\u00f1amos una metodolog\u00eda para<\/p>\n<p>cubrir todas las necesidades en un mismo proceso que facilita<\/p>\n<p>la perdurabilidad de <strong>resultados extraordinarios<\/strong>[\/vc_custom_heading][\/vc_column_inner][\/vc_row_inner][vc_row_inner row_inner_height_percent=\u00bb80&#8243; overlay_alpha=\u00bb25&#8243; equal_height=\u00bbyes\u00bb gutter_size=\u00bb2&#8243; shift_y=\u00bb0&#8243; z_index=\u00bb0&#8243; enable_top_divider=\u00bbdefault\u00bb top_divider=\u00bbgradient\u00bb shape_top_h_use_pixel=\u00bb\u00bb shape_top_height=\u00bb150&#8243; shape_top_opacity=\u00bb100&#8243; shape_top_index=\u00bb0&#8243; shape_top_responsive=\u00bbyes\u00bb shape_top_tablet_hide=\u00bbyes\u00bb shape_top_mobile_hide=\u00bbyes\u00bb limit_content=\u00bb\u00bb][vc_column_inner column_width_percent=\u00bb75&#8243; position_vertical=\u00bbmiddle\u00bb gutter_size=\u00bb3&#8243; overlay_alpha=\u00bb25&#8243; shift_x=\u00bb0&#8243; shift_y=\u00bb0&#8243; shift_y_down=\u00bb0&#8243; z_index=\u00bb0&#8243; medium_width=\u00bb0&#8243; mobile_width=\u00bb0&#8243; width=\u00bb1\/4&#8243;][vc_single_image media=\u00bb7067&#8243; media_width_percent=\u00bb100&#8243;][\/vc_column_inner][vc_column_inner column_width_percent=\u00bb75&#8243; position_vertical=\u00bbmiddle\u00bb gutter_size=\u00bb3&#8243; overlay_alpha=\u00bb25&#8243; shift_x=\u00bb0&#8243; shift_y=\u00bb0&#8243; shift_y_down=\u00bb0&#8243; z_index=\u00bb0&#8243; medium_width=\u00bb0&#8243; mobile_width=\u00bb0&#8243; width=\u00bb1\/4&#8243;][vc_single_image media=\u00bb7068&#8243; media_width_percent=\u00bb100&#8243;][\/vc_column_inner][vc_column_inner column_width_percent=\u00bb75&#8243; position_vertical=\u00bbmiddle\u00bb gutter_size=\u00bb3&#8243; overlay_alpha=\u00bb25&#8243; shift_x=\u00bb0&#8243; shift_y=\u00bb0&#8243; shift_y_down=\u00bb0&#8243; z_index=\u00bb0&#8243; medium_width=\u00bb0&#8243; mobile_width=\u00bb0&#8243; width=\u00bb1\/4&#8243;][vc_single_image media=\u00bb7069&#8243; media_width_percent=\u00bb100&#8243;][\/vc_column_inner][vc_column_inner column_width_percent=\u00bb75&#8243; position_vertical=\u00bbmiddle\u00bb gutter_size=\u00bb3&#8243; overlay_alpha=\u00bb25&#8243; shift_x=\u00bb0&#8243; shift_y=\u00bb0&#8243; shift_y_down=\u00bb0&#8243; z_index=\u00bb0&#8243; medium_width=\u00bb0&#8243; mobile_width=\u00bb0&#8243; width=\u00bb1\/4&#8243;][vc_single_image media=\u00bb7070&#8243; media_width_percent=\u00bb100&#8243;][\/vc_column_inner][\/vc_row_inner][\/vc_column][\/vc_row][vc_row unlock_row_content=\u00bbyes\u00bb row_height_percent=\u00bb100&#8243; back_color=\u00bbcolor-895428&#8243; overlay_alpha=\u00bb25&#8243; gutter_size=\u00bb3&#8243; column_width_percent=\u00bb100&#8243; shift_y=\u00bb0&#8243; z_index=\u00bb0&#8243; uncode_shortcode_id=\u00bb853706&#8243; back_color_type=\u00bbuncode-palette\u00bb][vc_column column_width_percent=\u00bb90&#8243; position_vertical=\u00bbbottom\u00bb align_horizontal=\u00bbalign_center\u00bb gutter_size=\u00bb3&#8243; overlay_alpha=\u00bb50&#8243; shift_x=\u00bb0&#8243; shift_y=\u00bb0&#8243; shift_y_down=\u00bb0&#8243; z_index=\u00bb0&#8243; medium_width=\u00bb0&#8243; mobile_width=\u00bb0&#8243; width=\u00bb1\/1&#8243;][vc_row_inner row_inner_height_percent=\u00bb70&#8243; overlay_alpha=\u00bb25&#8243; equal_height=\u00bbyes\u00bb gutter_size=\u00bb2&#8243; shift_y=\u00bb0&#8243; z_index=\u00bb0&#8243; top_divider=\u00bbgradient\u00bb limit_content=\u00bb\u00bb uncode_shortcode_id=\u00bb134557&#8243; back_color_type=\u00bbuncode-palette\u00bb back_color_solid=\u00bb#ff0000&#8243; overlay_color_type=\u00bbuncode-palette\u00bb overlay_color_solid=\u00bb#ff0000&#8243; border_color_type=\u00bbuncode-palette\u00bb border_color_solid=\u00bb#ff0000&#8243; shape_dividers=\u00bb\u00bb][vc_column_inner column_width_percent=\u00bb75&#8243; position_vertical=\u00bbmiddle\u00bb gutter_size=\u00bb3&#8243; overlay_alpha=\u00bb25&#8243; shift_x=\u00bb0&#8243; shift_y=\u00bb0&#8243; shift_y_down=\u00bb0&#8243; z_index=\u00bb0&#8243; medium_width=\u00bb0&#8243; mobile_width=\u00bb0&#8243; width=\u00bb3\/6&#8243;][vc_single_image media=\u00bb7192&#8243; media_width_percent=\u00bb80&#8243; alignment=\u00bbright\u00bb uncode_shortcode_id=\u00bb129587&#8243;][\/vc_column_inner][vc_column_inner column_width_percent=\u00bb75&#8243; position_vertical=\u00bbmiddle\u00bb gutter_size=\u00bb3&#8243; overlay_alpha=\u00bb25&#8243; shift_x=\u00bb0&#8243; shift_y=\u00bb0&#8243; shift_y_down=\u00bb0&#8243; z_index=\u00bb0&#8243; medium_width=\u00bb0&#8243; mobile_width=\u00bb0&#8243; width=\u00bb1\/6&#8243;][vc_single_image media=\u00bb7220&#8243; media_width_percent=\u00bb100&#8243; alignment=\u00bbcenter\u00bb css_animation=\u00bbleft-t-right\u00bb animation_speed=\u00bb100&#8243; uncode_shortcode_id=\u00bb179019&#8243;][\/vc_column_inner][vc_column_inner column_width_percent=\u00bb75&#8243; position_vertical=\u00bbmiddle\u00bb gutter_size=\u00bb3&#8243; overlay_alpha=\u00bb25&#8243; shift_x=\u00bb0&#8243; shift_y=\u00bb0&#8243; shift_y_down=\u00bb0&#8243; z_index=\u00bb0&#8243; medium_width=\u00bb0&#8243; mobile_width=\u00bb0&#8243; width=\u00bb1\/6&#8243;][vc_single_image media=\u00bb7191&#8243; media_width_percent=\u00bb100&#8243; css_animation=\u00bbleft-t-right\u00bb animation_speed=\u00bb100&#8243; uncode_shortcode_id=\u00bb712924&#8243;][\/vc_column_inner][vc_column_inner column_width_percent=\u00bb75&#8243; position_vertical=\u00bbmiddle\u00bb gutter_size=\u00bb3&#8243; overlay_alpha=\u00bb25&#8243; shift_x=\u00bb0&#8243; shift_y=\u00bb0&#8243; shift_y_down=\u00bb0&#8243; z_index=\u00bb0&#8243; medium_width=\u00bb0&#8243; mobile_width=\u00bb0&#8243; width=\u00bb1\/6&#8243;][vc_single_image media=\u00bb7189&#8243; media_width_percent=\u00bb100&#8243; css_animation=\u00bbleft-t-right\u00bb animation_speed=\u00bb100&#8243; uncode_shortcode_id=\u00bb176626&#8243;][\/vc_column_inner][\/vc_row_inner][\/vc_column][\/vc_row][vc_row][vc_column column_width_percent=\u00bb100&#8243; position_vertical=\u00bbmiddle\u00bb align_horizontal=\u00bbalign_center\u00bb gutter_size=\u00bb3&#8243; overlay_alpha=\u00bb50&#8243; shift_x=\u00bb0&#8243; shift_y=\u00bb0&#8243; shift_y_down=\u00bb0&#8243; z_index=\u00bb0&#8243; medium_width=\u00bb0&#8243; mobile_width=\u00bb0&#8243; width=\u00bb1\/1&#8243;][vc_custom_heading text_color=\u00bbcolor-381325&#8243; text_font=\u00bbfont-555555&#8243; text_weight=\u00bb700&#8243; subheading=\u00bbProfesionales comprometidos con brindar una experiencia excepcional, activar y potenciar consciencia personal y organizacional, para cultivar la sostenibilidad de la vida y alcanzar la plenitud\u00bb]Nuestro equipo[\/vc_custom_heading][\/vc_column][\/vc_row][vc_row row_height_percent=\u00bb0&#8243; back_color=\u00bbcolor-536077&#8243; overlay_alpha=\u00bb50&#8243; gutter_size=\u00bb3&#8243; column_width_percent=\u00bb100&#8243; shift_y=\u00bb0&#8243; z_index=\u00bb0&#8243; uncode_shortcode_id=\u00bb464182&#8243; back_color_type=\u00bbuncode-palette\u00bb][vc_column column_width_percent=\u00bb100&#8243; position_vertical=\u00bbmiddle\u00bb gutter_size=\u00bb3&#8243; overlay_alpha=\u00bb50&#8243; shift_x=\u00bb0&#8243; shift_y=\u00bb-5&#8243; shift_y_down=\u00bb0&#8243; z_index=\u00bb0&#8243; medium_width=\u00bb0&#8243; mobile_width=\u00bb0&#8243; css_animation=\u00bbbottom-t-top\u00bb animation_speed=\u00bb800&#8243; animation_delay=\u00bb400&#8243; width=\u00bb1\/3&#8243;][vc_single_image media=\u00bb232&#8243; media_width_percent=\u00bb100&#8243;][\/vc_column][vc_column column_width_percent=\u00bb100&#8243; position_vertical=\u00bbmiddle\u00bb align_horizontal=\u00bbalign_center\u00bb gutter_size=\u00bb3&#8243; style=\u00bbdark\u00bb overlay_alpha=\u00bb50&#8243; shift_x=\u00bb0&#8243; shift_y=\u00bb0&#8243; shift_y_down=\u00bb0&#8243; z_index=\u00bb0&#8243; medium_width=\u00bb0&#8243; mobile_width=\u00bb0&#8243; width=\u00bb2\/3&#8243;][vc_column_text]ACOMPA\u00d1AMIENTO EN OPEN MIND ADVISOR[\/vc_column_text][vc_custom_heading heading_semantic=\u00bbh3&#8243; text_font=\u00bbfont-555555&#8243; text_weight=\u00bb700&#8243; subheading=\u00bbLogramos que te apropies de tu potencial<br \/>\nTu \u00e9xito es nuestro \u00e9xito, desde el primer d\u00eda, integramos tus<br \/>\ncapacidades de autoliderazgo para ser y dejar ser\u00bb]Omaira Giraldo[\/vc_custom_heading][vc_button radius=\u00bbbtn-round\u00bb border_animation=\u00bbbtn-ripple-in\u00bb outline=\u00bbyes\u00bb border_width=\u00bb0&#8243; link=\u00bburl:https%3A%2F%2Foma.com.co%2F%3Fpage_id%3D392|title:Productos\u00bb uncode_shortcode_id=\u00bb122264&#8243;]D\u00e1 el primer paso hoy[\/vc_button][vc_empty_space empty_h=\u00bb3&#8243;][\/vc_column][\/vc_row][vc_row row_height_percent=\u00bb0&#8243; back_color=\u00bbcolor-895428&#8243; overlay_alpha=\u00bb50&#8243; gutter_size=\u00bb3&#8243; column_width_percent=\u00bb100&#8243; shift_y=\u00bb0&#8243; z_index=\u00bb0&#8243; uncode_shortcode_id=\u00bb166472&#8243; back_color_type=\u00bbuncode-palette\u00bb][vc_column column_width_percent=\u00bb100&#8243; position_vertical=\u00bbmiddle\u00bb gutter_size=\u00bb3&#8243; overlay_alpha=\u00bb50&#8243; shift_x=\u00bb0&#8243; shift_y=\u00bb-5&#8243; shift_y_down=\u00bb0&#8243; z_index=\u00bb0&#8243; medium_width=\u00bb0&#8243; mobile_width=\u00bb0&#8243; css_animation=\u00bbbottom-t-top\u00bb animation_speed=\u00bb800&#8243; animation_delay=\u00bb400&#8243; width=\u00bb1\/3&#8243;][vc_single_image media=\u00bb5437&#8243; media_width_percent=\u00bb100&#8243;][\/vc_column][vc_column column_width_percent=\u00bb100&#8243; position_vertical=\u00bbmiddle\u00bb align_horizontal=\u00bbalign_center\u00bb gutter_size=\u00bb3&#8243; style=\u00bbdark\u00bb overlay_alpha=\u00bb50&#8243; shift_x=\u00bb0&#8243; shift_y=\u00bb0&#8243; shift_y_down=\u00bb0&#8243; z_index=\u00bb0&#8243; medium_width=\u00bb0&#8243; mobile_width=\u00bb0&#8243; width=\u00bb2\/3&#8243;][vc_custom_heading heading_semantic=\u00bbh3&#8243; text_font=\u00bbfont-555555&#8243; text_weight=\u00bb700&#8243;]David Mej\u00eda[\/vc_custom_heading][vc_column_text]Consultor Coaching Psicol\u00f3gico<\/p>\n<p>Te brindo un acompa\u00f1amiento humano actualizado, cient\u00edfico y biling\u00fce que asegure tus resultados extraordinarios.[\/vc_column_text][vc_button radius=\u00bbbtn-round\u00bb border_animation=\u00bbbtn-ripple-in\u00bb outline=\u00bbyes\u00bb border_width=\u00bb0&#8243; link=\u00bburl:https%3A%2F%2Foma.com.co%2F%3Fpage_id%3D392|title:Productos\u00bb uncode_shortcode_id=\u00bb195096&#8243;]Entr\u00e9nate[\/vc_button][vc_empty_space empty_h=\u00bb3&#8243;][\/vc_column][\/vc_row][vc_row row_height_percent=\u00bb0&#8243; back_color=\u00bbcolor-497512&#8243; overlay_alpha=\u00bb50&#8243; gutter_size=\u00bb3&#8243; column_width_percent=\u00bb100&#8243; shift_y=\u00bb0&#8243; z_index=\u00bb0&#8243; uncode_shortcode_id=\u00bb652179&#8243; back_color_type=\u00bbuncode-palette\u00bb][vc_column column_width_percent=\u00bb100&#8243; position_vertical=\u00bbmiddle\u00bb gutter_size=\u00bb3&#8243; overlay_alpha=\u00bb50&#8243; shift_x=\u00bb0&#8243; shift_y=\u00bb-5&#8243; shift_y_down=\u00bb0&#8243; z_index=\u00bb0&#8243; medium_width=\u00bb0&#8243; mobile_width=\u00bb0&#8243; css_animation=\u00bbbottom-t-top\u00bb animation_speed=\u00bb800&#8243; animation_delay=\u00bb400&#8243; width=\u00bb1\/3&#8243;][vc_single_image media=\u00bb5438&#8243; media_width_percent=\u00bb100&#8243;][\/vc_column][vc_column column_width_percent=\u00bb100&#8243; position_vertical=\u00bbmiddle\u00bb align_horizontal=\u00bbalign_center\u00bb gutter_size=\u00bb3&#8243; style=\u00bbdark\u00bb overlay_alpha=\u00bb50&#8243; shift_x=\u00bb0&#8243; shift_y=\u00bb0&#8243; shift_y_down=\u00bb0&#8243; z_index=\u00bb0&#8243; medium_width=\u00bb0&#8243; mobile_width=\u00bb0&#8243; width=\u00bb2\/3&#8243;][vc_custom_heading heading_semantic=\u00bbh3&#8243; text_font=\u00bbfont-555555&#8243; text_weight=\u00bb700&#8243;]Ivone Cristina Medina[\/vc_custom_heading][vc_column_text]Consultora de Estrategia Comercial<\/p>\n<p>Dise\u00f1o Experiencias de marca para garantizar que puedas disfrutar su rentabilidad a la vez que desarrollo tus habilidades comerciales[\/vc_column_text][vc_button radius=\u00bbbtn-round\u00bb border_animation=\u00bbbtn-ripple-in\u00bb outline=\u00bbyes\u00bb border_width=\u00bb0&#8243; link=\u00bburl:https%3A%2F%2Foma.com.co%2F%3Fpage_id%3D392|title:Productos\u00bb uncode_shortcode_id=\u00bb438956&#8243;]Entr\u00e9nate[\/vc_button][vc_empty_space empty_h=\u00bb3&#8243;][\/vc_column][\/vc_row][vc_row row_height_percent=\u00bb0&#8243; back_color=\u00bbcolor-536077&#8243; overlay_alpha=\u00bb50&#8243; gutter_size=\u00bb3&#8243; column_width_percent=\u00bb100&#8243; shift_y=\u00bb0&#8243; z_index=\u00bb0&#8243; uncode_shortcode_id=\u00bb385629&#8243; back_color_type=\u00bbuncode-palette\u00bb][vc_column column_width_percent=\u00bb100&#8243; position_vertical=\u00bbmiddle\u00bb gutter_size=\u00bb3&#8243; overlay_alpha=\u00bb50&#8243; shift_x=\u00bb0&#8243; shift_y=\u00bb-5&#8243; shift_y_down=\u00bb0&#8243; z_index=\u00bb0&#8243; medium_width=\u00bb0&#8243; mobile_width=\u00bb0&#8243; css_animation=\u00bbbottom-t-top\u00bb animation_speed=\u00bb800&#8243; animation_delay=\u00bb400&#8243; width=\u00bb1\/3&#8243;][vc_single_image media=\u00bb6374&#8243; media_width_percent=\u00bb100&#8243;][\/vc_column][vc_column column_width_percent=\u00bb100&#8243; position_vertical=\u00bbmiddle\u00bb align_horizontal=\u00bbalign_center\u00bb gutter_size=\u00bb3&#8243; style=\u00bbdark\u00bb overlay_alpha=\u00bb50&#8243; shift_x=\u00bb0&#8243; shift_y=\u00bb0&#8243; shift_y_down=\u00bb0&#8243; z_index=\u00bb0&#8243; medium_width=\u00bb0&#8243; mobile_width=\u00bb0&#8243; width=\u00bb2\/3&#8243;][vc_custom_heading heading_semantic=\u00bbh3&#8243; text_font=\u00bbfont-555555&#8243; text_weight=\u00bb700&#8243;]Katherine Arango[\/vc_custom_heading][vc_column_text]Directora Administrativa<\/p>\n<p>Me encantar\u00eda guiarte y asesorarte para que cada d\u00eda se convierta en el mejor de tu vida&#8230;. te dir\u00e9 como lograrlo[\/vc_column_text][vc_button radius=\u00bbbtn-round\u00bb border_animation=\u00bbbtn-ripple-in\u00bb outline=\u00bbyes\u00bb border_width=\u00bb0&#8243; link=\u00bburl:https%3A%2F%2Foma.com.co%2F%3Fpage_id%3D392|title:Productos\u00bb uncode_shortcode_id=\u00bb642052&#8243;]Cont\u00e1ctame[\/vc_button][vc_empty_space empty_h=\u00bb3&#8243;][\/vc_column][\/vc_row][vc_row unlock_row_content=\u00bbyes\u00bb row_height_percent=\u00bb90&#8243; back_image=\u00bb6594&#8243; overlay_alpha=\u00bb25&#8243; gutter_size=\u00bb3&#8243; column_width_percent=\u00bb100&#8243; shift_y=\u00bb0&#8243; z_index=\u00bb0&#8243; uncode_shortcode_id=\u00bb115605&#8243;][vc_column column_width_percent=\u00bb80&#8243; position_vertical=\u00bbmiddle\u00bb align_horizontal=\u00bbalign_center\u00bb gutter_size=\u00bb3&#8243; overlay_alpha=\u00bb50&#8243; shift_x=\u00bb0&#8243; shift_y=\u00bb0&#8243; shift_y_down=\u00bb0&#8243; z_index=\u00bb0&#8243; medium_width=\u00bb0&#8243; mobile_width=\u00bb0&#8243; width=\u00bb1\/1&#8243;][vc_row_inner row_inner_height_percent=\u00bb90&#8243; overlay_alpha=\u00bb50&#8243; gutter_size=\u00bb3&#8243; shift_y=\u00bb0&#8243; z_index=\u00bb0&#8243; limit_content=\u00bb\u00bb][vc_column_inner column_width_percent=\u00bb90&#8243; gutter_size=\u00bb3&#8243; overlay_alpha=\u00bb50&#8243; shift_x=\u00bb0&#8243; shift_y=\u00bb0&#8243; shift_y_down=\u00bb0&#8243; z_index=\u00bb0&#8243; medium_width=\u00bb0&#8243; mobile_width=\u00bb0&#8243; width=\u00bb1\/1&#8243;][vc_column_text]<!-- vision begin -->\n<div class=\"vision-map vision-map-8\"data-json-src=\"https:\/\/old.oma.com.co\/wp-content\/uploads\/vision\/8\/config.json?ver=1656319078\" data-item-id=\"8\" tabindex=\"1\" style=\"display:none;\" >\n<div class=\"vision-store\">\n<div class=\"vision-layers-data\">\n<div class=\"vision-layer\" data-layer-id=\"47ff2fa4\"><\/div>\n<div class=\"vision-layer\" data-layer-id=\"2c63b60f\"><\/div>\n<div class=\"vision-layer\" data-layer-id=\"efd83f5b\"><\/div>\n<div class=\"vision-layer\" data-layer-id=\"1c4b0a6e\"><\/div>\n<\/div>\n<div class=\"vision-tooltips-data\">\n<div class=\"vision-data\" data-layer-id=\"47ff2fa4\"><p style=\"text-align: center;\">Activamos consciencia de talentos y potenciales.<\/p>\n<p style=\"text-align: center; color: black;\"><strong>\u00bfCuanto te conoces a ti mismo?<\/strong><\/p><\/div>\n<div class=\"vision-data\" data-layer-id=\"2c63b60f\"><p style=\"text-align: center;\"><span style=\"text-align: center;\">Herramientas de exploraci\u00f3n para diferentes focos de desarrollo.<\/span><\/p>\n<p style=\"text-align: center; color: black;\"><strong><span style=\"text-align: center;\">\u00bfHasta\u00a0d\u00f3nde\u00a0estas dispuesto a llegar?<\/span><\/strong><\/p><\/div>\n<div class=\"vision-data\" data-layer-id=\"efd83f5b\"><p style=\"text-align: center;\">Conectamos con los motivos que impulsan tu desarrollo.<\/p>\n<p style=\"text-align: center; color : black;\"><strong>\u00bfQu\u00e9 es lo que realmente te mueve la vida?<\/strong><\/p><\/div>\n<div class=\"vision-data\" data-layer-id=\"1c4b0a6e\"><p style=\"text-align: center;\">Generamos planes de acci\u00f3n medibles, alcanzables y verificables.<\/p>\n<p style=\"text-align: center; color: black;\"><strong>\u00bfQu\u00e9 tan comprometido estas con t\u00fa transformaci\u00f3n?<\/strong><\/p><\/div>\n<\/div>\n<div class=\"vision-popovers-data\">\n<div class=\"vision-data\" data-layer-id=\"47ff2fa4\"><\/div>\n<div class=\"vision-data\" data-layer-id=\"2c63b60f\"><\/div>\n<div class=\"vision-data\" data-layer-id=\"efd83f5b\"><\/div>\n<div class=\"vision-data\" data-layer-id=\"1c4b0a6e\"><\/div>\n<\/div>\n<\/div>\n<\/div>\n<!-- vision end -->\n[\/vc_column_text][\/vc_column_inner][\/vc_row_inner][\/vc_column][\/vc_row]<\/p>\n","protected":false},"excerpt":{"rendered":"<p>[vc_row row_height_percent=\u00bb100&#8243; back_color=\u00bbcolor-895428&#8243; back_image=\u00bb189&#8243; back_repeat=\u00bbno-repeat\u00bb back_attachment=\u00bbscroll\u00bb back_position=\u00bbcenter center\u00bb parallax=\u00bbyes\u00bb kburns=\u00bbzoom\u00bb overlay_alpha=\u00bb50&#8243; gutter_size=\u00bb3&#8243; column_width_percent=\u00bb100&#8243; shift_y=\u00bb0&#8243; z_index=\u00bb0&#8243; uncode_shortcode_id=\u00bb893297&#8243; back_color_type=\u00bbuncode-palette\u00bb][vc_column column_width_percent=\u00bb100&#8243; position_vertical=\u00bbmiddle\u00bb align_horizontal=\u00bbalign_center\u00bb [&hellip;]<\/p>\n","protected":false},"author":3,"featured_media":0,"parent":0,"menu_order":0,"comment_status":"closed","ping_status":"closed","template":"","meta":{"footnotes":""},"class_list":["post-184","page","type-page","status-publish","hentry"],"_links":{"self":[{"href":"https:\/\/old.oma.com.co\/index.php?rest_route=\/wp\/v2\/pages\/184","targetHints":{"allow":["GET"]}}],"collection":[{"href":"https:\/\/old.oma.com.co\/index.php?rest_route=\/wp\/v2\/pages"}],"about":[{"href":"https:\/\/old.oma.com.co\/index.php?rest_route=\/wp\/v2\/types\/page"}],"author":[{"embeddable":true,"href":"https:\/\/old.oma.com.co\/index.php?rest_route=\/wp\/v2\/users\/3"}],"replies":[{"embeddable":true,"href":"https:\/\/old.oma.com.co\/index.php?rest_route=%2Fwp%2Fv2%2Fcomments&post=184"}],"version-history":[{"count":25,"href":"https:\/\/old.oma.com.co\/index.php?rest_route=\/wp\/v2\/pages\/184\/revisions"}],"predecessor-version":[{"id":7224,"href":"https:\/\/old.oma.com.co\/index.php?rest_route=\/wp\/v2\/pages\/184\/revisions\/7224"}],"wp:attachment":[{"href":"https:\/\/old.oma.com.co\/index.php?rest_route=%2Fwp%2Fv2%2Fmedia&parent=184"}],"curies":[{"name":"wp","href":"https:\/\/api.w.org\/{rel}","templated":true}]}}